{"id":414,"date":"2024-01-18T14:30:59","date_gmt":"2024-01-18T14:30:59","guid":{"rendered":"https:\/\/niki-studios.com\/?page_id=414"},"modified":"2025-05-13T09:32:32","modified_gmt":"2025-05-13T09:32:32","slug":"impressum-2","status":"publish","type":"page","link":"https:\/\/trikerimylos.com\/de\/impressum-2","title":{"rendered":"Impressum"},"content":{"rendered":"<p>[et_pb_section fb_built=&#8220;1&#8243; admin_label=&#8220;Gallery&#8220; _builder_version=&#8220;4.17.6&#8243; _module_preset=&#8220;default&#8220; background_color=&#8220;#FAF5EF&#8220; collapsed=&#8220;on&#8220; global_colors_info=&#8220;{}&#8220;][et_pb_row _builder_version=&#8220;4.17.6&#8243; _module_preset=&#8220;default&#8220; global_colors_info=&#8220;{}&#8220;][et_pb_column type=&#8220;4_4&#8243; _builder_version=&#8220;4.17.6&#8243; _module_preset=&#8220;default&#8220; global_colors_info=&#8220;{}&#8220;][et_pb_text _builder_version=&#8220;4.21.0&#8243; _module_preset=&#8220;b327cbe4-b1d5-4b66-ad37-40c8f2f061ba&#8220; header_2_font=&#8220;Manrope|700|||||||&#8220; header_2_text_color=&#8220;#000000&#8243; header_2_font_size=&#8220;48px&#8220; header_2_line_height=&#8220;1.2em&#8220; text_orientation=&#8220;center&#8220; header_2_font_size_tablet=&#8220;32px&#8220; header_2_font_size_phone=&#8220;20px&#8220; header_2_font_size_last_edited=&#8220;on|desktop&#8220; global_colors_info=&#8220;{}&#8220;]<\/p>\n<h1 class=\"entry-title main_title\">Impressum<\/h1>\n<p>[\/et_pb_text][et_pb_text _builder_version=&#8220;4.21.0&#8243; _module_preset=&#8220;b327cbe4-b1d5-4b66-ad37-40c8f2f061ba&#8220; header_2_font=&#8220;Manrope|700|||||||&#8220; header_2_text_color=&#8220;#000000&#8243; header_2_font_size=&#8220;48px&#8220; header_2_line_height=&#8220;1.2em&#8220; text_orientation=&#8220;center&#8220; header_2_font_size_tablet=&#8220;32px&#8220; header_2_font_size_phone=&#8220;20px&#8220; header_2_font_size_last_edited=&#8220;on|desktop&#8220; global_colors_info=&#8220;{}&#8220;]<\/p>\n<p style=\"text-align: left;\"><strong>Eigent\u00fcmerin Frau Ourania Simou<\/strong><\/p>\n<p style=\"text-align: left;\">Riga Feraiou 17<\/p>\n<p style=\"text-align: left;\">Volos 38333<\/p>\n<p style=\"text-align: left;\">Magnesia Greece<\/p>\n<p style=\"text-align: left;\"><strong>Registrierungsnummer : 0296044<\/strong><\/p>\n<p style=\"text-align: left;\"><b><\/b><\/p>\n<p style=\"text-align: left;\">Haftungsausschluss<\/p>\n<p style=\"text-align: left;\">Trotz sorgf\u00e4ltiger Pr\u00fcfung k\u00f6nnen wir keine Haftung f\u00fcr die Inhalte externer Links \u00fcbernehmen. F\u00fcr den Inhalt diese Seiten sind ausschlie\u00dflich deren Betreiber verantwortlich.<\/p>\n<p style=\"text-align: left;\">Informationen zur Online-Streitbeilegungsplattform:<\/p>\n<p style=\"text-align: left;\">Online-Streitbeilegung gem\u00e4\u00df Art. 14 Abs. 1 ODR-VO: Die Europ\u00e4ische Kommission stellt eine Plattform zur Online-Streitbeilegung (OS) bereit, die Sie unter\u00a0<a href=\"http:\/\/ec.europa.eu\/consumers\/odr\/\" target=\"_blank\" rel=\"noopener\">http:\/\/ec.europa.eu\/consumers\/odr\/<\/a>\u00a0finden.<\/p>\n<p>[\/et_pb_text][\/et_pb_column][\/et_pb_row][\/et_pb_section]<\/p>\n","protected":false},"excerpt":{"rendered":"<p>ImpressumEigent\u00fcmerin Frau Ourania Simou Riga Feraiou 17 Volos 38333 Magnesia Greece Registrierungsnummer : 0296044 Haftungsausschluss Trotz sorgf\u00e4ltiger Pr\u00fcfung k\u00f6nnen wir keine Haftung f\u00fcr die Inhalte externer Links \u00fcbernehmen. F\u00fcr den Inhalt diese Seiten sind ausschlie\u00dflich deren Betreiber verantwortlich. Informationen zur Online-Streitbeilegungsplattform: Online-Streitbeilegung gem\u00e4\u00df Art. 14 Abs. 1 ODR-VO: Die Europ\u00e4ische Kommission stellt eine Plattform zur [&hellip;]<\/p>\n","protected":false},"author":1,"featured_media":0,"parent":0,"menu_order":0,"comment_status":"closed","ping_status":"closed","template":"","meta":{"_et_pb_use_builder":"on","_et_pb_old_content":"","_et_gb_content_width":"","_monsterinsights_skip_tracking":false,"_monsterinsights_sitenote_active":false,"_monsterinsights_sitenote_note":"","_monsterinsights_sitenote_category":0,"footnotes":""},"class_list":["post-414","page","type-page","status-publish","hentry"],"_links":{"self":[{"href":"https:\/\/trikerimylos.com\/de\/wp-json\/wp\/v2\/pages\/414","targetHints":{"allow":["GET"]}}],"collection":[{"href":"https:\/\/trikerimylos.com\/de\/wp-json\/wp\/v2\/pages"}],"about":[{"href":"https:\/\/trikerimylos.com\/de\/wp-json\/wp\/v2\/types\/page"}],"author":[{"embeddable":true,"href":"https:\/\/trikerimylos.com\/de\/wp-json\/wp\/v2\/users\/1"}],"replies":[{"embeddable":true,"href":"https:\/\/trikerimylos.com\/de\/wp-json\/wp\/v2\/comments?post=414"}],"version-history":[{"count":11,"href":"https:\/\/trikerimylos.com\/de\/wp-json\/wp\/v2\/pages\/414\/revisions"}],"predecessor-version":[{"id":1077,"href":"https:\/\/trikerimylos.com\/de\/wp-json\/wp\/v2\/pages\/414\/revisions\/1077"}],"wp:attachment":[{"href":"https:\/\/trikerimylos.com\/de\/wp-json\/wp\/v2\/media?parent=414"}],"curies":[{"name":"wp","href":"https:\/\/api.w.org\/{rel}","templated":true}]}}