{"id":1061,"date":"2025-05-07T10:31:07","date_gmt":"2025-05-07T10:31:07","guid":{"rendered":"https:\/\/trikerimylos.com\/lage"},"modified":"2025-05-13T11:13:26","modified_gmt":"2025-05-13T11:13:26","slug":"lage","status":"publish","type":"page","link":"https:\/\/trikerimylos.com\/de\/lage","title":{"rendered":"Lage"},"content":{"rendered":"<p>[et_pb_section fb_built=&#8220;1&#8243; admin_label=&#8220;Header&#8220; _builder_version=&#8220;4.17.6&#8243; _module_preset=&#8220;default&#8220; background_color=&#8220;#EBE4DD&#8220; custom_padding=&#8220;||0px||false|false&#8220; collapsed=&#8220;on&#8220; global_colors_info=&#8220;{}&#8220;][et_pb_row _builder_version=&#8220;4.17.6&#8243; _module_preset=&#8220;default&#8220; global_colors_info=&#8220;{}&#8220;][et_pb_column type=&#8220;4_4&#8243; _builder_version=&#8220;4.17.6&#8243; _module_preset=&#8220;default&#8220; global_colors_info=&#8220;{}&#8220;][et_pb_text _builder_version=&#8220;4.17.6&#8243; _module_preset=&#8220;c16985e1-e0d6-4022-964d-e2bfc04fa633&#8243; header_font=&#8220;Manrope|700|||||||&#8220; header_text_color=&#8220;#000000&#8243; header_font_size=&#8220;75px&#8220; header_letter_spacing=&#8220;0.05em&#8220; header_line_height=&#8220;1.2em&#8220; header_font_size_tablet=&#8220;40px&#8220; header_font_size_phone=&#8220;24px&#8220; header_font_size_last_edited=&#8220;on|desktop&#8220; global_colors_info=&#8220;{}&#8220;]<\/p>\n<h1>Lage<\/h1>\n<p>[\/et_pb_text][et_pb_text _builder_version=&#8220;4.21.0&#8243; _module_preset=&#8220;default&#8220; global_colors_info=&#8220;{}&#8220;]<\/p>\n<p data-start=\"0\" data-end=\"115\" class=\"\">Unsere<strong data-start=\"662\" data-end=\"677\"> Mylos rooms<\/strong> befinden sich in <strong data-start=\"693\" data-end=\"709\">Agia Kyriaki<\/strong>, einem malerischen K\u00fcstendorf in der s\u00fcdlichen Region Pelion, in der N\u00e4he von <strong data-start=\"777\" data-end=\"788\">Trikeri<\/strong>. Nur wenige Schritte vom Meer entfernt, bietet unsere Unterkunft den idealen Rahmen f\u00fcr einen ruhigen und authentischen Griechenland-Urlaub. Die ruhige Atmosph\u00e4re, die traditionelle Architektur und die nat\u00fcrliche Sch\u00f6nheit der Gegend machen es zu einem versteckten Juwel, das es zu entdecken lohnt.  <\/p>\n<p>[\/et_pb_text][\/et_pb_column][\/et_pb_row][et_pb_row column_structure=&#8220;1_2,1_2&#8243; _builder_version=&#8220;4.21.0&#8243; _module_preset=&#8220;default&#8220; global_colors_info=&#8220;{}&#8220;][et_pb_column type=&#8220;1_2&#8243; _builder_version=&#8220;4.21.0&#8243; _module_preset=&#8220;default&#8220; global_colors_info=&#8220;{}&#8220;][et_pb_text _builder_version=&#8220;4.21.0&#8243; _module_preset=&#8220;default&#8220; global_colors_info=&#8220;{}&#8220;]<\/p>\n<h3 data-start=\"90\" data-end=\"150\" class=\"\">\ud83c\udf0a <strong data-start=\"97\" data-end=\"150\">Agia Kyriaki &#8211; Trikeri, Pelion (Magnesia, Griechenland)<\/strong><\/h3>\n<p data-start=\"152\" data-end=\"375\" class=\"\">Agia Kyriaki ist <strong data-start=\"170\" data-end=\"206\">ein charmantes Fischerdorf<\/strong> an der S\u00fcdspitze der Halbinsel Pelion in Magnesia, Griechenland. Es dient <strong data-start=\"297\" data-end=\"338\">als Hafen des nahe gelegenen Dorfes Trikeri<\/strong>, etwa 95 km von der Stadt Volos entfernt. <\/p>\n<hr data-start=\"377\" data-end=\"380\" class=\"\">\n<h3 data-start=\"382\" data-end=\"423\" class=\"\">\ud83c\udfde\ufe0f <strong data-start=\"390\" data-end=\"423\">Nat\u00fcrliche Sch\u00f6nheit und Architektur<\/strong><\/h3>\n<p data-start=\"424\" data-end=\"664\" class=\"\">Das Dorf hat sich seinen <strong data-start=\"450\" data-end=\"479\">authentischen griechischen Charakter<\/strong> bewahrt, mit wei\u00df get\u00fcnchten Gassen, Steinh\u00e4usern, bunten Blumeng\u00e4rten und malerischem Meerblick. Der Hafen ist voll von traditionellen Fischerbooten, die zur idyllischen Atmosph\u00e4re beitragen. <\/p>\n<hr data-start=\"666\" data-end=\"669\" class=\"\">\n<h3 data-start=\"671\" data-end=\"708\" class=\"\">\ud83d\udc1f <strong data-start=\"678\" data-end=\"708\">Gastronomie und lokale Geschmacksrichtungen<\/strong><\/h3>\n<p data-start=\"709\" data-end=\"871\" class=\"\">Agia Kyriaki ist bekannt f\u00fcr seine <strong data-start=\"739\" data-end=\"765\">Tavernen mit frischen Meeresfr\u00fcchten<\/strong>, in denen Sie gegrillten Oktopus, Krabbenspaghetti und Tsipouro genie\u00dfen k\u00f6nnen &#8211; alles gefangen von einheimischen Fischern.<\/p>\n<hr data-start=\"873\" data-end=\"876\" class=\"\">\n<h3 data-start=\"878\" data-end=\"914\" class=\"\">\ud83c\udf89 <strong data-start=\"885\" data-end=\"914\">Lokale Kultur und Festivals<\/strong><\/h3>\n<p data-start=\"915\" data-end=\"1101\" class=\"\">Jedes Jahr am <strong data-start=\"929\" data-end=\"941\">6. und 7. Juli<\/strong> feiert das Dorf seine Schutzpatronin <strong data-start=\"984\" data-end=\"1000\">Agia Kyriaki<\/strong> mit traditioneller Musik, T\u00e4nzen, Essen und Festen und zieht damit Besucher aus der ganzen Region an.<\/p>\n<hr data-start=\"1103\" data-end=\"1106\" class=\"\">\n<h3 data-start=\"1108\" data-end=\"1140\" class=\"\">\ud83c\udfd6\ufe0f <strong data-start=\"1116\" data-end=\"1140\">Str\u00e4nde &amp; Aktivit\u00e4ten<\/strong><\/h3>\n<p data-start=\"1141\" data-end=\"1313\" class=\"\">In der N\u00e4he befindet sich der <strong data-start=\"1160\" data-end=\"1175\">Mylos Beach<\/strong>, ein ruhiger, sauberer Strand, der zum Schwimmen und Entspannen einl\u00e4dt. Die ganze Gegend ist ideal f\u00fcr <strong data-start=\"1259\" data-end=\"1287\">ruhige Ausfl\u00fcge in die Natur<\/strong> und Aktivit\u00e4ten am Meer. <\/p>\n<hr data-start=\"1315\" data-end=\"1318\" class=\"\">\n<h3 data-start=\"1320\" data-end=\"1354\" class=\"\">\ud83d\udeb6\u200d\u2642\ufe0f <strong data-start=\"1330\" data-end=\"1354\">Wandern &amp; Erkundung<\/strong><\/h3>\n<p data-start=\"1355\" data-end=\"1503\" class=\"\">Ein malerischer, <strong data-start=\"1364\" data-end=\"1385\">mit Steinen gepflasterter Weg<\/strong> verbindet Agia Kyriaki mit dem Dorf Trikeri und bietet einen atemberaubenden Blick auf den Pagasetischen Golf &#8211; vor allem bei Sonnenuntergang.<\/p>\n<hr data-start=\"1505\" data-end=\"1508\" class=\"\">\n<h3 data-start=\"1510\" data-end=\"1542\" class=\"\">\ud83c\udfdd\ufe0f <strong data-start=\"1518\" data-end=\"1542\">Paleo Trikeri Insel<\/strong><\/h3>\n<p data-start=\"1543\" data-end=\"1734\" class=\"\">Direkt gegen\u00fcber der Bucht liegt die <strong data-start=\"1567\" data-end=\"1591\">Insel Paleo Trikeri<\/strong>, die mit dem Boot erreichbar ist. Es ist eine <strong data-start=\"1620\" data-end=\"1639\">autofreie Insel<\/strong> mit einem bedeutenden Kloster (Evangelistria) und sch\u00f6nen Wanderwegen, ideal f\u00fcr Tagesausfl\u00fcge. <\/p>\n<p>[\/et_pb_text][\/et_pb_column][et_pb_column type=&#8220;1_2&#8243; _builder_version=&#8220;4.21.0&#8243; _module_preset=&#8220;default&#8220; global_colors_info=&#8220;{}&#8220;][et_pb_code _builder_version=&#8220;4.21.0&#8243; _module_preset=&#8220;default&#8220; hover_enabled=&#8220;0&#8243; global_colors_info=&#8220;{}&#8220; sticky_enabled=&#8220;0&#8243;]<iframe loading=\"lazy\" id=\"sml_iframe_66f024fc70b78\" allow=\"accelerometer; camera; display-capture; fullscreen; geolocation; gyroscope; magnetometer; microphone; midi; xr-spatial-tracking;\" width=\"100%\" height=\"600px\" frameborder=\"0\" scrolling=\"no\" marginheight=\"0\" marginwidth=\"0\" src=\"https:\/\/maps.followmetogreece.com\/viewer\/index.php?code=66f024fc70b78&#038;m=208\"><\/iframe>[\/et_pb_code][\/et_pb_column][\/et_pb_row][\/et_pb_section]<\/p>\n","protected":false},"excerpt":{"rendered":"<p>LageUnsere Mylos rooms befinden sich in Agia Kyriaki, einem malerischen K\u00fcstendorf in der s\u00fcdlichen Region Pelion, in der N\u00e4he von Trikeri. Nur wenige Schritte vom Meer entfernt, bietet unsere Unterkunft den idealen Rahmen f\u00fcr einen ruhigen und authentischen Griechenland-Urlaub. Die ruhige Atmosph\u00e4re, die traditionelle Architektur und die nat\u00fcrliche Sch\u00f6nheit der Gegend machen es zu einem [&hellip;]<\/p>\n","protected":false},"author":1,"featured_media":0,"parent":0,"menu_order":0,"comment_status":"closed","ping_status":"closed","template":"","meta":{"_et_pb_use_builder":"on","_et_pb_old_content":"","_et_gb_content_width":"","_monsterinsights_skip_tracking":false,"_monsterinsights_sitenote_active":false,"_monsterinsights_sitenote_note":"","_monsterinsights_sitenote_category":0,"footnotes":""},"class_list":["post-1061","page","type-page","status-publish","hentry"],"_links":{"self":[{"href":"https:\/\/trikerimylos.com\/de\/wp-json\/wp\/v2\/pages\/1061","targetHints":{"allow":["GET"]}}],"collection":[{"href":"https:\/\/trikerimylos.com\/de\/wp-json\/wp\/v2\/pages"}],"about":[{"href":"https:\/\/trikerimylos.com\/de\/wp-json\/wp\/v2\/types\/page"}],"author":[{"embeddable":true,"href":"https:\/\/trikerimylos.com\/de\/wp-json\/wp\/v2\/users\/1"}],"replies":[{"embeddable":true,"href":"https:\/\/trikerimylos.com\/de\/wp-json\/wp\/v2\/comments?post=1061"}],"version-history":[{"count":3,"href":"https:\/\/trikerimylos.com\/de\/wp-json\/wp\/v2\/pages\/1061\/revisions"}],"predecessor-version":[{"id":1107,"href":"https:\/\/trikerimylos.com\/de\/wp-json\/wp\/v2\/pages\/1061\/revisions\/1107"}],"wp:attachment":[{"href":"https:\/\/trikerimylos.com\/de\/wp-json\/wp\/v2\/media?parent=1061"}],"curies":[{"name":"wp","href":"https:\/\/api.w.org\/{rel}","templated":true}]}}