{"id":1055,"date":"2023-11-03T11:21:43","date_gmt":"2023-11-03T11:21:43","guid":{"rendered":"https:\/\/trikerimylos.com\/ihre-unterkunft"},"modified":"2025-05-21T11:29:00","modified_gmt":"2025-05-21T11:29:00","slug":"ihre-unterkunft","status":"publish","type":"page","link":"https:\/\/trikerimylos.com\/de\/ihre-unterkunft","title":{"rendered":"Ihre Unterkunft"},"content":{"rendered":"<p>[et_pb_section fb_built=&#8220;1&#8243; admin_label=&#8220;Header&#8220; _builder_version=&#8220;4.17.6&#8243; _module_preset=&#8220;default&#8220; background_color=&#8220;#EBE4DD&#8220; custom_padding=&#8220;||0px||false|false&#8220; collapsed=&#8220;on&#8220; global_colors_info=&#8220;{}&#8220;][et_pb_row _builder_version=&#8220;4.17.6&#8243; _module_preset=&#8220;default&#8220; global_colors_info=&#8220;{}&#8220;][et_pb_column type=&#8220;4_4&#8243; _builder_version=&#8220;4.17.6&#8243; _module_preset=&#8220;default&#8220; global_colors_info=&#8220;{}&#8220;][et_pb_text _builder_version=&#8220;4.17.6&#8243; _module_preset=&#8220;c16985e1-e0d6-4022-964d-e2bfc04fa633&#8243; header_font=&#8220;Manrope|700|||||||&#8220; header_text_color=&#8220;#000000&#8243; header_font_size=&#8220;75px&#8220; header_letter_spacing=&#8220;0.05em&#8220; header_line_height=&#8220;1.2em&#8220; header_font_size_tablet=&#8220;40px&#8220; header_font_size_phone=&#8220;24px&#8220; header_font_size_last_edited=&#8220;on|desktop&#8220; global_colors_info=&#8220;{}&#8220;]<\/p>\n<h1>Die Zimmer<\/h1>\n<p>[\/et_pb_text][et_pb_text _builder_version=&#8220;4.21.0&#8243; _module_preset=&#8220;default&#8220; global_colors_info=&#8220;{}&#8220;]<\/p>\n<p data-start=\"0\" data-end=\"115\" class=\"\">Das Ferienhaus verf\u00fcgt \u00fcber 11 Zimmer mit eigenem Bad und modernen Annehmlichkeiten, die sich durch eine herrliche Aussicht und eine geschmackvolle Einrichtung auszeichnen.<\/p>\n<p data-start=\"117\" data-end=\"240\" class=\"\">Das Haus wurde aus Stein, Holz und anderen traditionellen Materialien gebaut und ist bis ins kleinste Detail durchdacht.<\/p>\n<p data-start=\"242\" data-end=\"269\" class=\"\"><strong data-start=\"242\" data-end=\"269\">Der Blick aus den Mylos rooms<\/strong><\/p>\n<p data-start=\"271\" data-end=\"466\" class=\"\">Das Ferienhaus befindet sich in einem kleinen Dorf, nur 500 Meter von dem charmanten Fischerdorf Agia Kyriaki entfernt. Es \u00fcberblickt einen kleinen Strand, der als \u201eMylos\u201c bekannt ist, und ist von sch\u00f6nen Olivenb\u00e4umen umgeben. <\/p>\n<p>[\/et_pb_text][\/et_pb_column][\/et_pb_row][et_pb_row column_structure=&#8220;1_2,1_2&#8243; _builder_version=&#8220;4.21.0&#8243; _module_preset=&#8220;default&#8220; global_colors_info=&#8220;{}&#8220;][et_pb_column type=&#8220;1_2&#8243; _builder_version=&#8220;4.21.0&#8243; _module_preset=&#8220;default&#8220; global_colors_info=&#8220;{}&#8220;][et_pb_text _builder_version=&#8220;4.21.0&#8243; _module_preset=&#8220;default&#8220; global_colors_info=&#8220;{}&#8220;]<\/p>\n<p data-start=\"0\" data-end=\"16\" class=\"\">Ausstattung:<\/p>\n<ul>\n<li>Frei parken<\/li>\n<li>Wi-Fi<\/li>\n<li>Angenehme Doppelzimmer mit Balkon und Meerblick<\/li>\n<\/ul>\n<p data-start=\"18\" data-end=\"125\" class=\"\"><span class=\"_fadeIn_m1hgl_8\"><\/span><\/p>\n<p>[\/et_pb_text][et_pb_text _builder_version=&#8220;4.21.0&#8243; _module_preset=&#8220;default&#8220; hover_enabled=&#8220;0&#8243; global_colors_info=&#8220;{}&#8220; sticky_enabled=&#8220;0&#8243;]<\/p>\n<p><strong data-start=\"0\" data-end=\"13\" data-is-only-node=\"\">Die Zimmer<\/strong><br data-start=\"13\" data-end=\"16\">Unsere charmanten 2-Sterne-Zimmer sind durchdacht gestaltet und bieten Komfort und Entspannung. Jedes Zimmer ist klimatisiert und verf\u00fcgt \u00fcber ein eigenes Bad mit Dusche und Haartrockner, einen Flachbildfernseher und einen ger\u00e4umigen Kleiderschrank. Genie\u00dfen Sie auf Ihrem privaten Balkon die frische Seeluft und die malerische Aussicht. Mit gem\u00fctlichen Betten und allen wichtigen Annehmlichkeiten bieten unsere Zimmer den perfekten Rahmen f\u00fcr einen ruhigen und angenehmen Aufenthalt in Trikeri.   <\/p>\n<p>[\/et_pb_text][\/et_pb_column][et_pb_column type=&#8220;1_2&#8243; _builder_version=&#8220;4.21.0&#8243; _module_preset=&#8220;default&#8220; global_colors_info=&#8220;{}&#8220;][et_pb_image src=&#8220;https:\/\/trikerimylos.com\/wp-content\/uploads\/2025\/04\/pilion_trikerri_mylos05.jpeg&#8220; alt=&#8220;mylos&#8220; title_text=&#8220;mylos&#8220; _builder_version=&#8220;4.21.0&#8243; _module_preset=&#8220;default&#8220; global_colors_info=&#8220;{}&#8220;][\/et_pb_image][\/et_pb_column][\/et_pb_row][et_pb_row column_structure=&#8220;3_5,2_5&#8243; _builder_version=&#8220;4.17.6&#8243; _module_preset=&#8220;default&#8220; custom_margin=&#8220;||30px||false|false&#8220; global_colors_info=&#8220;{}&#8220;][et_pb_column type=&#8220;3_5&#8243; _builder_version=&#8220;4.17.6&#8243; _module_preset=&#8220;default&#8220; global_colors_info=&#8220;{}&#8220;][et_pb_image src=&#8220;https:\/\/trikerimylos.com\/wp-content\/uploads\/2025\/04\/pilion_trikerri_mylos08.jpeg&#8220; alt=&#8220;rooms&#8220; title_text=&#8220;rooms&#8220; _builder_version=&#8220;4.21.0&#8243; _module_preset=&#8220;default&#8220; custom_margin=&#8220;|-11vw|||false|false&#8220; custom_margin_tablet=&#8220;|0vw|||false|false&#8220; custom_margin_phone=&#8220;|0vw|||false|false&#8220; custom_margin_last_edited=&#8220;on|tablet&#8220; global_colors_info=&#8220;{}&#8220;][\/et_pb_image][et_pb_text _builder_version=&#8220;4.21.0&#8243; _module_preset=&#8220;b327cbe4-b1d5-4b66-ad37-40c8f2f061ba&#8220; header_2_font=&#8220;Manrope|700|||||||&#8220; header_2_text_color=&#8220;#000000&#8243; header_2_font_size=&#8220;48px&#8220; header_2_line_height=&#8220;1.2em&#8220; header_2_font_size_tablet=&#8220;32px&#8220; header_2_font_size_phone=&#8220;20px&#8220; header_2_font_size_last_edited=&#8220;on|desktop&#8220; global_colors_info=&#8220;{}&#8220;]<\/p>\n<h2 class=\"et_pb_module_header\">Rooms<\/h2>\n<p>[\/et_pb_text][et_pb_text _builder_version=&#8220;4.21.0&#8243; _module_preset=&#8220;4c43b4b6-66bf-432d-959a-705bda24a650&#8243; text_font=&#8220;Open Sans||||||||&#8220; text_text_color=&#8220;#666666&#8243; text_line_height=&#8220;1.8em&#8220; link_text_color=&#8220;#666666&#8243; header_font_size_tablet=&#8220;55px&#8220; header_font_size_last_edited=&#8220;off|desktop&#8220; global_colors_info=&#8220;{}&#8220;]<\/p>\n<p data-start=\"0\" data-end=\"19\" class=\"\"><strong data-start=\"0\" data-end=\"18\">Ausstattung der Zimmer:<\/strong><\/p>\n<ul>\n<li>Klimaanlage<\/li>\n<li>Balkon mit Meerblick<\/li>\n<li>Badezimmer<\/li>\n<li>TV<\/li>\n<li>Mini-K\u00fchlschrank<\/li>\n<li>M\u00f6glichkeit zur Kaffeezubereitung<\/li>\n<li>Bettw\u00e4sche<\/li>\n<li>Handt\u00fccher<\/li>\n<\/ul>\n<p>[\/et_pb_text][\/et_pb_column][et_pb_column type=&#8220;2_5&#8243; _builder_version=&#8220;4.17.6&#8243; _module_preset=&#8220;default&#8220; custom_padding=&#8220;10%||||false|false&#8220; global_colors_info=&#8220;{}&#8220;][et_pb_image src=&#8220;https:\/\/trikerimylos.com\/wp-content\/uploads\/2025\/04\/Mylos-Hotel-5.jpg&#8220; alt=&#8220;rooms&#8220; title_text=&#8220;Mylos Hotel 5&#8243; _builder_version=&#8220;4.21.0&#8243; _module_preset=&#8220;default&#8220; global_colors_info=&#8220;{}&#8220;][\/et_pb_image][et_pb_button button_url=&#8220;@ET-DC@eyJkeW5hbWljIjp0cnVlLCJjb250ZW50IjoicG9zdF9saW5rX3VybF9wYWdlIiwic2V0dGluZ3MiOnsicG9zdF9pZCI6IjY2NyJ9fQ==@&#8220; button_text=&#8220;JETZT BUCHEN&#8220; button_alignment=&#8220;center&#8220; _builder_version=&#8220;4.21.0&#8243; _dynamic_attributes=&#8220;button_url&#8220; _module_preset=&#8220;31b4f027-aaa0-4f2f-ae02-959764e19e4f&#8220; custom_button=&#8220;on&#8220; button_text_size=&#8220;14px&#8220; button_text_color=&#8220;#FFFFFF&#8220; button_bg_color=&#8220;#D37643&#8243; button_border_width=&#8220;0px&#8220; button_border_radius=&#8220;0px&#8220; button_font=&#8220;Inter|700||on|||||&#8220; custom_padding=&#8220;16px|24px|16px|24px|true|true&#8220; global_colors_info=&#8220;{}&#8220;][\/et_pb_button][\/et_pb_column][\/et_pb_row][\/et_pb_section]<\/p>\n","protected":false},"excerpt":{"rendered":"<p>Die ZimmerDas Ferienhaus verf\u00fcgt \u00fcber 11 Zimmer mit eigenem Bad und modernen Annehmlichkeiten, die sich durch eine herrliche Aussicht und eine geschmackvolle Einrichtung auszeichnen. Das Haus wurde aus Stein, Holz und anderen traditionellen Materialien gebaut und ist bis ins kleinste Detail durchdacht. Der Blick aus den Mylos rooms Das Ferienhaus befindet sich in einem kleinen [&hellip;]<\/p>\n","protected":false},"author":1,"featured_media":0,"parent":0,"menu_order":0,"comment_status":"closed","ping_status":"closed","template":"","meta":{"_et_pb_use_builder":"on","_et_pb_old_content":"","_et_gb_content_width":"","_monsterinsights_skip_tracking":false,"_monsterinsights_sitenote_active":false,"_monsterinsights_sitenote_note":"","_monsterinsights_sitenote_category":0,"footnotes":""},"class_list":["post-1055","page","type-page","status-publish","hentry"],"_links":{"self":[{"href":"https:\/\/trikerimylos.com\/de\/wp-json\/wp\/v2\/pages\/1055","targetHints":{"allow":["GET"]}}],"collection":[{"href":"https:\/\/trikerimylos.com\/de\/wp-json\/wp\/v2\/pages"}],"about":[{"href":"https:\/\/trikerimylos.com\/de\/wp-json\/wp\/v2\/types\/page"}],"author":[{"embeddable":true,"href":"https:\/\/trikerimylos.com\/de\/wp-json\/wp\/v2\/users\/1"}],"replies":[{"embeddable":true,"href":"https:\/\/trikerimylos.com\/de\/wp-json\/wp\/v2\/comments?post=1055"}],"version-history":[{"count":13,"href":"https:\/\/trikerimylos.com\/de\/wp-json\/wp\/v2\/pages\/1055\/revisions"}],"predecessor-version":[{"id":1155,"href":"https:\/\/trikerimylos.com\/de\/wp-json\/wp\/v2\/pages\/1055\/revisions\/1155"}],"wp:attachment":[{"href":"https:\/\/trikerimylos.com\/de\/wp-json\/wp\/v2\/media?parent=1055"}],"curies":[{"name":"wp","href":"https:\/\/api.w.org\/{rel}","templated":true}]}}